{"id":5993,"date":"2022-02-28T15:54:09","date_gmt":"2022-02-28T15:54:09","guid":{"rendered":"https:\/\/dna.rs\/privacy-policy\/"},"modified":"2022-02-28T16:07:49","modified_gmt":"2022-02-28T16:07:49","slug":"privacy-policy","status":"publish","type":"page","link":"https:\/\/dna.rs\/en\/privacy-policy\/","title":{"rendered":"Privacy Policy"},"content":{"rendered":"<p>[et_pb_section fb_built=&#8221;1&#8243; _builder_version=&#8221;3.22&#8243;][et_pb_row _builder_version=&#8221;3.26.3&#8243; custom_margin=&#8221;60px||||false|false&#8221;][et_pb_column type=&#8221;4_4&#8243; _builder_version=&#8221;3.26.3&#8243;][et_pb_text _builder_version=&#8221;3.26.3&#8243; header_font=&#8221;Georgia|700|||||||&#8221; header_text_color=&#8221;#777777&#8243; header_font_size=&#8221;45px&#8221; header_letter_spacing=&#8221;9px&#8221; header_2_font=&#8221;||||||||&#8221; header_2_font_size=&#8221;45px&#8221; custom_margin=&#8221;-10px||&#8221; header_font_size_phone=&#8221;30px&#8221; header_font_size_last_edited=&#8221;on|phone&#8221; custom_css_main_element=&#8221;||&#8221;]<\/p>\n<h1>Privacy<\/h1>\n<p>[\/et_pb_text][et_pb_text _builder_version=&#8221;3.26.3&#8243; header_font=&#8221;||||||||&#8221; header_2_font=&#8221;|600||on|||||&#8221; header_2_text_color=&#8221;#777777&#8243; header_2_font_size=&#8221;40px&#8221; header_2_letter_spacing=&#8221;9px&#8221; header_2_line_height=&#8221;1.2em&#8221; header_2_font_size_phone=&#8221;30px&#8221; header_2_font_size_last_edited=&#8221;on|phone&#8221;]<\/p>\n<h2>Policy<\/h2>\n<p>[\/et_pb_text][et_pb_divider color=&#8221;#ffdd0f&#8221; divider_weight=&#8221;5px&#8221; _builder_version=&#8221;3.26.3&#8243; max_width=&#8221;100px&#8221; custom_margin=&#8221;50px||&#8221; locked=&#8221;off&#8221;][\/et_pb_divider][\/et_pb_column][\/et_pb_row][et_pb_row disabled_on=&#8221;off|off|off&#8221; _builder_version=&#8221;3.26.3&#8243;][et_pb_column type=&#8221;4_4&#8243; _builder_version=&#8221;3.26.3&#8243;][et_pb_text _builder_version=&#8221;3.26.3&#8243;]<\/p>\n<h2>1. Privacy Policy Overview<\/h2>\n<p><span style=\"font-weight: 400;\">This Privacy Policy describes how DNA Communications (hereinafter referred to as &#8220;the Agency&#8221; or &#8220;We&#8221;, or \u201cUs\u201d) collects, shares, protects and otherwise processes your Personal Data (as defined below) when you visit our website dna.rs edited by DNA Communications.<\/span><\/p>\n<p><span style=\"font-weight: 400;\">This Privacy Policy has been drafted in light of the EU\u2019s General Data Protection Regulation (&#8220;GDPR&#8221;) and the applicable national legislations. <\/span><\/p>\n<p><span style=\"font-weight: 400;\"><\/span><\/p>\n<h2>2. Who we are<\/h2>\n<p><span style=\"font-weight: 400;\">DNA Communications is full service marketing agency located at Bulevar Kneza Aleksandra Kara\u0111or\u0111evi\u0107a St. no 20, Belgrade, Serbia. <\/span><\/p>\n<p><span style=\"font-weight: 400;\">Questions, concerns or complaints regarding this Privacy Policy, data privacy at DNA Communications, or our compliance with applicable data protection laws and regulations may be sent to us by email at <a href=\"mailto:dna@dna.rs\">dna@dna.rs<\/a>.<\/span><\/p>\n<p><span style=\"font-weight: 400;\"><\/span><\/p>\n<h2>3. What information do we collect?<\/h2>\n<p><span style=\"font-weight: 400;\">Personal data means any information that relates to an identifiable individual, either directly or indirectly, such as name, email address, photo. <\/span><\/p>\n<p><span style=\"font-weight: 400;\">Processing means any operation or set of operations which is performed on personal data, or on sets of personal data, such as collection, recording, storage, adaptation or alteration, erasure or destruction.<\/span><\/p>\n<p><span style=\"font-weight: 400;\">The type and amount of information we receive and store depends on how you use the DNA Communications website. You can access most of the pages on the DNA Communications website without revealing your identity or any personal information.<\/span><\/p>\n<p><strong><i>Correspondence<\/i><\/strong> <span style=\"font-weight: 400;\"><br \/> <\/span><span style=\"font-weight: 400;\">If you correspond with us by email or contact form on the website, we may retain such correspondence and the information contained in it and use it to respond to your inquiry; to notify you of our services or to keep a record of your request. If you wish to have us erase your personal data or otherwise refrain from communicating with you, please contact us at dna@dna.rs.<\/span><\/p>\n<p><strong><i>Recruitment<\/i><\/strong><span style=\"font-weight: 400;\"><br \/><\/span><span style=\"font-weight: 400;\">We are processing personal data of individuals wishing to join us, which is explained through direct communication with them.<\/span><\/p>\n<p><span style=\"font-weight: 400;\"><\/span><\/p>\n<h2>4. Purpose of collecting data about users<span style=\"font-weight: 400;\"><br \/> <\/span><\/h2>\n<p><span style=\"font-weight: 400;\">At DNA Communications we collect different types of information about our users for following reasons:<\/span><\/p>\n<ol>\n<li style=\"font-weight: 400;\" aria-level=\"1\"><span style=\"font-weight: 400;\">To conduct research and analysis;<\/span><\/li>\n<li style=\"font-weight: 400;\" aria-level=\"1\"><span style=\"font-weight: 400;\">To carry out certain marketing activities;<\/span><\/li>\n<li style=\"font-weight: 400;\" aria-level=\"1\"><span style=\"font-weight: 400;\">To help us monitor and improve the services we offer;<\/span><\/li>\n<li style=\"font-weight: 400;\" aria-level=\"1\"><span style=\"font-weight: 400;\">To respond to your questions, concerns, or customer service inquiries;<\/span><\/li>\n<li style=\"font-weight: 400;\" aria-level=\"1\"><span style=\"font-weight: 400;\">If we have permission from the user, or where otherwise allowed by law, to market services to them.<\/span><span style=\"font-weight: 400;\"><\/span><\/li>\n<\/ol>\n<p><span style=\"font-weight: 400;\"><\/span><\/p>\n<h2>5. Purpose and Lawfulness of Processing<\/h2>\n<p><span style=\"font-weight: 400;\">In general, we will only process personal data where the processing is in our legitimate business interests or required to perform a contract with our corporate clients. We will only use and share personal data in ways that are relevant for the purposes for which the information was collected or subsequently authorized by you. There are several legal basis for processing of your personal data: when processing is necessary for the performance of a contract we have with you, or in order to take steps at your request prior to entering into a contract; when that processing is necessary for compliance with a legal obligation; when we have your consent; when processing is necessary in order to protect your vital interests; or when there is a legitimate interest to process your data.<\/span><\/p>\n<p><span style=\"font-weight: 400;\"><\/span><\/p>\n<p><strong><i>Legitimate Interest<\/i><\/strong><\/p>\n<p><span style=\"font-weight: 400;\">It is in our interest to develop our business and to provide our clients with the best possible service in a safe and secure way. Our interest to process your personal data does not override your interests or fundamental rights and freedoms.<\/span><\/p>\n<p><span style=\"font-weight: 400;\">Our legitimate interest to use your personal data is necessary in the following situations:<\/span><\/p>\n<p><span style=\"font-weight: 400;\">To ensure that content from our site is presented in the most effective manner.<\/span><\/p>\n<p><span style=\"font-weight: 400;\">To promote and market our services.<\/span><\/p>\n<p><span style=\"font-weight: 400;\">To notify you about changes to our service, updates to our site, new DNA Communications service offerings or special events hosted by our Agency or our business partners.<\/span><\/p>\n<p><span style=\"font-weight: 400;\">To protect the rights, property, or safety of DNA Communications and our employees and clients.<\/span><\/p>\n<p><span style=\"font-weight: 400;\">To understand our clients and users including their patterns and behaviors.<\/span><\/p>\n<p><span style=\"font-weight: 400;\">Otherwise gather information about individual users of our services, and market segments.<\/span><\/p>\n<p><span style=\"font-weight: 400;\">We may provide information to you in the form of emails, mailings, website displays or other correspondence methods.<\/span><\/p>\n<p><span style=\"font-weight: 400;\">You can at any moment object to the processing based on our legitimate interest by sending email to us at <a href=\"mailto:dna@dna.rs.%20\">dna@dna.rs<\/a>. <\/span><\/p>\n<p><span style=\"font-weight: 400;\"><\/span><\/p>\n<h2>6. How do we use this data?<\/h2>\n<p><span style=\"font-weight: 400;\">We use this data to create a variety of insights, reports and analyses about our users, including the composition of the audience that viewed certain content, or about the effectiveness of an advertising campaign.<\/span><\/p>\n<p><span style=\"font-weight: 400;\">DNA Communications may also enhance the data collected with other online and offline data sources and research tools. These additional sources allow us to perform more robust research and analyses concerning Internet audience demographics, preferences, and use. <\/span><\/p>\n<p><span style=\"font-weight: 400;\">We include only non-identifiable or aggregated data in our insights, reports and analyses.<\/span><\/p>\n<p><span style=\"font-weight: 400;\">To assist us in our marketing and services for the clients, we may also obtain data from trusted third parties to help us understand markets and target groups. This \u2018profiling\u2019 information is produced from a variety of sources, including publicly available data or from sources such as surveys and polls where permission was given for data to be shared. <\/span><\/p>\n<p><strong><i>Direct marketing<\/i><\/strong><span style=\"font-weight: 400;\"><br \/><\/span><span style=\"font-weight: 400;\">We may use your Personal Data for marketing purposes, in particular to display to you or present you with advertisements and promotional materials. <\/span> <\/p>\n<p><span style=\"font-weight: 400;\">We will ask you to expressly consent to receiving marketing material or product information before we send you any marketing or promotional material. <\/span><\/p>\n<p><span style=\"font-weight: 400;\">You can change your mind about your preferences in respect of direct marketing at any time by using the unsubscribe button on every marketing communication or by contacting us. If you do so, note that we will not remove your Personal Data from our databases to the extent that this Personal Data is still required by us under the terms of this Privacy Policy or otherwise to continue to provide our Services to you. <\/span><\/p>\n<p><span style=\"font-weight: 400;\"><\/span><\/p>\n<h2>7. Updating your personal information<\/h2>\n<p><span style=\"font-weight: 400;\">You can update your personal information at any time, and change your marketing preferences by sending email to us at <a href=\"mailto:dna@dna.rs.%20\">dna@dna.rs<\/a>. <\/span><\/p>\n<p><span style=\"font-weight: 400;\"><\/span><\/p>\n<h2>8. Who we share data with<\/h2>\n<p><span style=\"font-weight: 400;\">We will not share your personal information with others for marketing purposes unless you have given us your permission. <\/span><\/p>\n<p><span style=\"font-weight: 400;\">We can access and release personal information to keep to relevant laws and government requests, to operate our systems properly and to protect both us and our users.<\/span><\/p>\n<p><span style=\"font-weight: 400;\">Please be aware that if you, while visiting our site\/ads, follow links to other sites that are beyond our sphere of influence we are not responsible for the content or privacy policy of these other sites.<\/span><\/p>\n<p><span style=\"font-weight: 400;\"><\/span><\/p>\n<h2>9. Retention of your personal data<\/h2>\n<p><b><span style=\"font-weight: 400;\">Your Personal Data will be retained only for so long as reasonably necessary for the purposes set out above, in accordance with applicable laws, including for the purposes of satisfying any legal, regulatory, accounting or reporting requirements. If a deletion of your Personal Data would only be possible with unreasonable efforts, we will anonymize it instead of deletion. We will not collect Personal Data about you that is not necessary for the purposes it is collected for.<\/span><\/b><\/p>\n<p><b><span style=\"font-weight: 400;\"><\/span><\/b><\/p>\n<h2>10. Use of cookies<\/h2>\n<p><span style=\"font-weight: 400;\">This website like most sites uses small text files called cookies. Cookies are text files with a small amount of information that your device retrieves when you visit the site. Cookies are then returned to the original page at each subsequent visit or to another page that recognizes that cookie. Cookies are often used because they allow the site to identify the user device and thus improve its functionality.<\/span><\/p>\n<p><span style=\"font-weight: 400;\">We use cookies to collect visitor statistics, such as: how many people visit our site and what type of technology they use, how long they use the site, what pages of the site they stay on, etc. This helps us to constantly improve our site. These programs also tell us anonymously how people got to our site (via Google, social networks, directly, etc.) and whether they have been here before.<\/span><\/p>\n<p><span style=\"font-weight: 400;\">If the settings on the software you use to view this site (your browser) are tailored to accept the cookies we use and you continue to use our site, we will presume that you agreed to it. <\/span><\/p>\n<p><span style=\"font-weight: 400;\">You can usually turn off cookies by adjusting your browser settings to prevent cookies from being accepted. However, you are likely to limit the functionality of our sites and many other sites, since cookies are a standard part of most modern sites.<\/span><\/p>\n<p><span style=\"font-weight: 400;\"><\/span><\/p>\n<h2>11. Google Analytics\/Google Tag Manager<\/h2>\n<p><span style=\"font-weight: 400;\">We use Google Analytics\/GTM on our site for anonymous reporting of site usage and for advertising on the site.<\/span><\/p>\n<p><span style=\"font-weight: 400;\">Google Analytics is a web analysis service provided by Google Inc. (\u201cGoogle\u201d). Google utilizes the Data collected to track and examine the use of site\/application, to prepare reports on its activities and share them with other Google services.<\/span><span style=\"font-weight: 400;\"><br \/> <\/span><span style=\"font-weight: 400;\">Google may use the Data collected to contextualize and personalize the ads of its own advertising network.<\/span><\/p>\n<p><span style=\"font-weight: 400;\">Personal Data collected: Cookies and Usage Data..<\/span><span style=\"font-weight: 400;\"><br \/><\/span><span style=\"font-weight: 400;\">Place of processing: US &#8211; <\/span><a href=\"https:\/\/www.google.com\/intl\/en\/policies\/privacy\/\"><b>Privacy Policy<\/b><\/a><span style=\"font-weight: 400;\"> &#8211; <\/span><a href=\"https:\/\/tools.google.com\/dlpage\/gaoptout?hl=en\"><b>Opt Out<\/b> <span style=\"font-weight: 400;\"><br \/><\/span><\/a><span style=\"font-weight: 400;\">Google tag menad\u017eer je usluga analitike koju pru\u017ea Google Inc.<\/span><\/p>\n<p><span style=\"font-weight: 400;\"><\/span><\/p>\n<h2>12. About our advertising<\/h2>\n<p><span style=\"font-weight: 400;\">As you browse our site, some of the cookies we place on your computer might be advertising cookies, so we can understand what sort of pages you are interested in. We can then display advertising on your browser, social network platforms or other websites that is based on these perceived interests. <\/span><\/p>\n<p><span style=\"font-weight: 400;\">It is important to remember that none of the techniques we use will collect information such as your name, email address, postal address or phone number.<\/span><\/p>\n<p><span style=\"font-weight: 400;\">We may also share anonymized behavioral data with advertising partners, including commercial organizations that fund content labelled \u2018Supported by\u2019, \u2018Paid content\/Paid for by\u2019 or \u2018Advertiser content\/from our advertisers\u2019. This may mean that when you are on other websites, you will be shown advertising based on your behavior on our site. <\/span><\/p>\n<p><span style=\"font-weight: 400;\">Behavioral retargeting is another form that allows us and some of our advertising partners to show you ads based on your browsing patterns and interactions.<\/span><\/p>\n<p><b>Advertising remarketing and behavioral targeting that we may use:<\/b><\/p>\n<p><b>Facebook Remarketing (Facebook, Inc.)<\/b><\/p>\n<p><span style=\"font-weight: 400;\">Facebook Remarketing is a remarketing and behavioral targeting service provided by Facebook, Inc. that connects the activity of this Application with the Facebook advertising network.<\/span><span style=\"font-weight: 400;\"><br \/><\/span><span style=\"font-weight: 400;\">Personal Data collected: Cookies and Usage Data.<\/span><span style=\"font-weight: 400;\"><br \/><\/span><span style=\"font-weight: 400;\">Place of processing: US &#8211; <\/span><a href=\"https:\/\/www.facebook.com\/about\/privacy\/\"><b>Privacy Policy<\/b><\/a><span style=\"font-weight: 400;\">&#8211;<\/span><a href=\"https:\/\/www.aboutads.info\/choices\/\"><b>Opt Out<\/b><\/a><\/p>\n<p><b>Facebook Custom and Lookalike Audience (Facebook, Inc.)<\/b><\/p>\n<p><span style=\"font-weight: 400;\">Facebook Custom and Lookalike Audience is a remarketing and behavioral targeting service provided by Facebook, Inc. that connects the activity of this Application with the Facebook advertising network.<\/span><span style=\"font-weight: 400;\"><br \/><\/span><span style=\"font-weight: 400;\">Personal Data collected: Cookies, Usage Data, email address.<\/span><span style=\"font-weight: 400;\"><br \/><\/span><span style=\"font-weight: 400;\">Place of processing: US &#8211; <\/span><a href=\"https:\/\/www.facebook.com\/about\/privacy\/\"><b>Privacy Policy <\/b><\/a><span style=\"font-weight: 400;\">&#8211;<\/span><a href=\"https:\/\/www.aboutads.info\/choices\/\"><b>Opt Out<\/b><\/a><\/p>\n<p><b>Remarketing through Google Analytics for Display Advertising (Google Inc.)<\/b><\/p>\n<p><span style=\"font-weight: 400;\">Google Analytics for Display Advertising is a remarketing and behavioral targeting service provided by Google Inc. that connects the tracking activity performed by Google Analytics and its Cookies with the AdWords advertising network and the Doubleclick Cookie.<\/span><span style=\"font-weight: 400;\"><br \/> <\/span><span style=\"font-weight: 400;\">Personal Data collected: Cookies and Usage Data.<\/span><span style=\"font-weight: 400;\"><br \/> <\/span><span style=\"font-weight: 400;\">Place of processing: US &#8211; <\/span><a href=\"https:\/\/www.google.com\/intl\/en\/policies\/privacy\/\"><b>Privacy Policy<\/b><\/a><span style=\"font-weight: 400;\">&#8211;<\/span><a href=\"https:\/\/www.google.com\/settings\/ads\/onweb\/optout\"><b>Opt Out<\/b><\/a><\/p>\n<p><b>LinkedIn remarketing (LinkedIn Inc.)<\/b><\/p>\n<p><span style=\"font-weight: 400;\">LinkedIn Remarketing is a remarketing and behavioral targeting service provided by LinkedIn, Inc. that connects the activity of this Application with the LinkedIn advertising network. <\/span><span style=\"font-weight: 400;\"><br \/><\/span><span style=\"font-weight: 400;\">Personal Data collected: Cookies and Usage Data.<\/span><span style=\"font-weight: 400;\"><br \/><\/span><span style=\"font-weight: 400;\">Place of processing: US &#8211; <\/span><a href=\"https:\/\/www.linkedin.com\/legal\/privacy-policy?src=li-other&amp;veh=www.linkedin.com&amp;trk=homepage-basic_directory_aboutUrl\"><b>Privacy Policy<\/b><\/a><span style=\"font-weight: 400;\">&#8211;<\/span><a href=\"https:\/\/www.linkedin.com\/help\/linkedin\/answer\/62931?trk=microsites-frontend_legal_privacy-policy&amp;lang=en\"><b>Opt Out<\/b><\/a><\/p>\n<p><b>LinkedIn Custom and Lookalike Audience (LinkedIn Inc.)<\/b><\/p>\n<p><span style=\"font-weight: 400;\">LinkedIn Remarketing is a remarketing and behavioral targeting service provided by LinkedIn, Inc. that connects the activity of this Application with the LinkedIn advertising network. <\/span><span style=\"font-weight: 400;\"><br \/><\/span><span style=\"font-weight: 400;\">Personal Data collected: Cookies, Usage data, email address.<\/span><span style=\"font-weight: 400;\"><br \/><\/span><span style=\"font-weight: 400;\">Place of processing: US &#8211;<\/span><a href=\"https:\/\/www.linkedin.com\/legal\/privacy-policy?src=li-other&amp;veh=www.linkedin.com&amp;trk=homepage-basic_directory_aboutUrl\"><b>Privacy Policy<\/b><\/a><span style=\"font-weight: 400;\">&#8211;<\/span><a href=\"https:\/\/www.linkedin.com\/help\/linkedin\/answer\/62931?trk=microsites-frontend_legal_privacy-policy&amp;lang=en\"><b>Opt Out<\/b><\/a><\/p>\n<p>&nbsp;<\/p>\n<h2>13. Your rights<\/h2>\n<p><span style=\"font-weight: 400;\">You have the following rights with respect to your Personal Data we process, subject to conditions set out in applicable law:<\/span><\/p>\n<p><span style=\"font-weight: 400;\">a)<\/span> <span style=\"font-weight: 400;\">to be informed on whether your Personal Data is processed by us and, if processed, to request a copy of your Personal Data and information relating to the processing of your Personal Data, including the purposes of processing your Personal Data and whether such data is used for intended purposes and the third-parties to whom your Personal Data is disclosed; <\/span><span style=\"font-weight: 400;\"><br \/> <\/span><\/p>\n<p><span style=\"font-weight: 400;\">b)<\/span> <span style=\"font-weight: 400;\">to request the correction of any inaccurate or incomplete Personal Data; <\/span><\/p>\n<p><span style=\"font-weight: 400;\">c)<\/span> <span style=\"font-weight: 400;\">to request the erasure of your Personal Data or the restriction of the processing of your Personal Data; <\/span> <\/p>\n<p><span style=\"font-weight: 400;\">d)<\/span> <span style=\"font-weight: 400;\">to object to any further processing of your Personal Data; <\/span><span style=\"font-weight: 400;\"><br \/> <\/span><\/p>\n<p><span style=\"font-weight: 400;\">e)<\/span> <span style=\"font-weight: 400;\">to withdraw any consent you have given without affecting the lawfulness of processing based on consent before its withdrawal; <\/span><span style=\"font-weight: 400;\"><br \/> <\/span><\/p>\n<p><span style=\"font-weight: 400;\">f)<\/span> <span style=\"font-weight: 400;\">to demand data portability; <\/span> <span style=\"font-weight: 400;\"><br \/> <\/span><\/p>\n<p><span style=\"font-weight: 400;\">g)<\/span> <span style=\"font-weight: 400;\">to lodge a complaint with a supervisory authority; and <\/span><span style=\"font-weight: 400;\"><br \/> <\/span><\/p>\n<p><span style=\"font-weight: 400;\">h)<\/span> <span style=\"font-weight: 400;\">to contest certain automated decisions that have legal or otherwise similarly-significant consequences, in case we make such decision. <\/span><\/p>\n<p><span style=\"font-weight: 400;\"><\/span><\/p>\n<h2>14. Changes to the privacy policy<\/h2>\n<p><b><span style=\"font-weight: 400;\">Should we elect to change our privacy policy we will post the changes here. Where the changes are significant, we may also choose to email all our users and clients with the new details. Where required by law, will we obtain your consent to make these changes.<\/span><\/b><\/p>\n<p><b><\/b><\/p>\n<p>&nbsp;<\/p>\n<p>&nbsp;<\/p>\n<p>[\/et_pb_text][\/et_pb_column][\/et_pb_row][\/et_pb_section]<\/p>\n","protected":false},"excerpt":{"rendered":"<p>[et_pb_section fb_built=&#8221;1&#8243; _builder_version=&#8221;3.22&#8243;][et_pb_row _builder_version=&#8221;3.26.3&#8243; custom_margin=&#8221;60px||||false|false&#8221;][et_pb_column type=&#8221;4_4&#8243; _builder_version=&#8221;3.26.3&#8243;][et_pb_text _builder_version=&#8221;3.26.3&#8243; header_font=&#8221;Georgia|700|||||||&#8221; header_text_color=&#8221;#777777&#8243; header_font_size=&#8221;45px&#8221; header_letter_spacing=&#8221;9px&#8221; header_2_font=&#8221;||||||||&#8221; header_2_font_size=&#8221;45px&#8221; custom_margin=&#8221;-10px||&#8221; header_font_size_phone=&#8221;30px&#8221; header_font_size_last_edited=&#8221;on|phone&#8221; custom_css_main_element=&#8221;||&#8221;] Privacy [\/et_pb_text][et_pb_text _builder_version=&#8221;3.26.3&#8243; header_font=&#8221;||||||||&#8221; header_2_font=&#8221;|600||on|||||&#8221; header_2_text_color=&#8221;#777777&#8243; header_2_font_size=&#8221;40px&#8221; header_2_letter_spacing=&#8221;9px&#8221; header_2_line_height=&#8221;1.2em&#8221; header_2_font_size_phone=&#8221;30px&#8221; header_2_font_size_last_edited=&#8221;on|phone&#8221;] Policy [\/et_pb_text][et_pb_divider color=&#8221;#ffdd0f&#8221; divider_weight=&#8221;5px&#8221; _builder_version=&#8221;3.26.3&#8243; max_width=&#8221;100px&#8221; custom_margin=&#8221;50px||&#8221; locked=&#8221;off&#8221;][\/et_pb_divider][\/et_pb_column][\/et_pb_row][et_pb_row disabled_on=&#8221;off|off|off&#8221; _builder_version=&#8221;3.26.3&#8243;][et_pb_column type=&#8221;4_4&#8243; _builder_version=&#8221;3.26.3&#8243;][et_pb_text _builder_version=&#8221;3.26.3&#8243;] 1. Privacy Policy Overview This Privacy Policy describes how DNA Communications (hereinafter referred [&hellip;]<\/p>\n","protected":false},"author":2,"featured_media":0,"parent":0,"menu_order":0,"comment_status":"closed","ping_status":"closed","template":"","meta":{"_et_pb_use_builder":"on","_et_pb_old_content":"","_mi_skip_tracking":false,"_monsterinsights_sitenote_active":false,"_monsterinsights_sitenote_note":"","_monsterinsights_sitenote_category":0},"_links":{"self":[{"href":"https:\/\/dna.rs\/en\/wp-json\/wp\/v2\/pages\/5993"}],"collection":[{"href":"https:\/\/dna.rs\/en\/wp-json\/wp\/v2\/pages"}],"about":[{"href":"https:\/\/dna.rs\/en\/wp-json\/wp\/v2\/types\/page"}],"author":[{"embeddable":true,"href":"https:\/\/dna.rs\/en\/wp-json\/wp\/v2\/users\/2"}],"replies":[{"embeddable":true,"href":"https:\/\/dna.rs\/en\/wp-json\/wp\/v2\/comments?post=5993"}],"version-history":[{"count":13,"href":"https:\/\/dna.rs\/en\/wp-json\/wp\/v2\/pages\/5993\/revisions"}],"predecessor-version":[{"id":6020,"href":"https:\/\/dna.rs\/en\/wp-json\/wp\/v2\/pages\/5993\/revisions\/6020"}],"wp:attachment":[{"href":"https:\/\/dna.rs\/en\/wp-json\/wp\/v2\/media?parent=5993"}],"curies":[{"name":"wp","href":"https:\/\/api.w.org\/{rel}","templated":true}]}}